{"id":138,"date":"2024-11-29T18:57:28","date_gmt":"2024-11-29T17:57:28","guid":{"rendered":"https:\/\/fmtchile.cl\/?page_id=138"},"modified":"2024-12-03T20:42:10","modified_gmt":"2024-12-03T19:42:10","slug":"nosotros","status":"publish","type":"page","link":"https:\/\/fmtchile.cl\/index.php\/nosotros\/","title":{"rendered":"Nosotros"},"content":{"rendered":"\t\t<div data-elementor-type=\"wp-post\" data-elementor-id=\"138\" class=\"elementor elementor-138\" data-elementor-post-type=\"page\">\n\t\t\t\t<div class=\"elementor-element elementor-element-25d9c950 e-flex e-con-boxed e-con e-parent\" data-id=\"25d9c950\" data-element_type=\"container\" data-settings=\"{&quot;background_background&quot;:&quot;classic&quot;}\">\n\t\t\t\t\t<div class=\"e-con-inner\">\n\t\t<div class=\"elementor-element elementor-element-57eb185a e-con-full e-flex e-con e-child\" data-id=\"57eb185a\" data-element_type=\"container\" data-settings=\"{&quot;background_background&quot;:&quot;classic&quot;}\">\n\t\t\t\t<div class=\"elementor-element elementor-element-5c57030 elementor-widget elementor-widget-image\" data-id=\"5c57030\" data-element_type=\"widget\" data-widget_type=\"image.default\">\n\t\t\t\t<div class=\"elementor-widget-container\">\n\t\t\t\t\t\t\t\t\t\t\t\t\t\t\t<img fetchpriority=\"high\" decoding=\"async\" width=\"658\" height=\"395\" src=\"https:\/\/fmtchile.cl\/wp-content\/uploads\/2024\/11\/Mask-group.png\" class=\"attachment-large size-large wp-image-143\" alt=\"\" \/>\t\t\t\t\t\t\t\t\t\t\t\t\t\t\t<\/div>\n\t\t\t\t<\/div>\n\t\t\t\t<\/div>\n\t\t<div class=\"elementor-element elementor-element-6061c6a9 e-con-full e-flex e-con e-child\" data-id=\"6061c6a9\" data-element_type=\"container\" data-settings=\"{&quot;background_background&quot;:&quot;classic&quot;}\">\n\t\t\t\t<div class=\"elementor-element elementor-element-3ee5f252 elementor-widget__width-initial elementor-widget elementor-widget-heading\" data-id=\"3ee5f252\" data-element_type=\"widget\" data-widget_type=\"heading.default\">\n\t\t\t\t<div class=\"elementor-widget-container\">\n\t\t\t\t\t<span class=\"elementor-heading-title elementor-size-default\">Acerca de FMT<\/span>\t\t\t\t<\/div>\n\t\t\t\t<\/div>\n\t\t<div class=\"elementor-element elementor-element-1253a4f8 e-con-full e-flex e-con e-child\" data-id=\"1253a4f8\" data-element_type=\"container\">\n\t\t\t\t<div class=\"elementor-element elementor-element-273e607a elementor-widget__width-inherit elementor-widget elementor-widget-heading\" data-id=\"273e607a\" data-element_type=\"widget\" data-widget_type=\"heading.default\">\n\t\t\t\t<div class=\"elementor-widget-container\">\n\t\t\t\t\t<h2 class=\"elementor-heading-title elementor-size-default\">soluciones de ingenier\u00eda\nde alta calidad<\/h2>\t\t\t\t<\/div>\n\t\t\t\t<\/div>\n\t\t\t\t<div class=\"elementor-element elementor-element-c1390ea elementor-widget__width-inherit elementor-widget elementor-widget-heading\" data-id=\"c1390ea\" data-element_type=\"widget\" data-widget_type=\"heading.default\">\n\t\t\t\t<div class=\"elementor-widget-container\">\n\t\t\t\t\t<h2 class=\"elementor-heading-title elementor-size-default\">para el desarrollo de proyectos mineros.<\/h2>\t\t\t\t<\/div>\n\t\t\t\t<\/div>\n\t\t\t\t<\/div>\n\t\t\t\t<\/div>\n\t\t\t\t\t<\/div>\n\t\t\t\t<\/div>\n\t\t<div class=\"elementor-element elementor-element-783ae15a e-flex e-con-boxed e-con e-parent\" data-id=\"783ae15a\" data-element_type=\"container\">\n\t\t\t\t\t<div class=\"e-con-inner\">\n\t\t\t\t<div class=\"elementor-element elementor-element-297b50ad elementor-widget__width-initial elementor-widget elementor-widget-heading\" data-id=\"297b50ad\" data-element_type=\"widget\" data-widget_type=\"heading.default\">\n\t\t\t\t<div class=\"elementor-widget-container\">\n\t\t\t\t\t<h2 class=\"elementor-heading-title elementor-size-default\">\u00bfQui\u00e9nes Somos?\u00a0\n<\/h2>\t\t\t\t<\/div>\n\t\t\t\t<\/div>\n\t\t<div class=\"elementor-element elementor-element-112c56d e-con-full e-flex e-con e-child\" data-id=\"112c56d\" data-element_type=\"container\">\n\t\t<div class=\"elementor-element elementor-element-edab8d3 e-flex e-con-boxed e-con e-child\" data-id=\"edab8d3\" data-element_type=\"container\">\n\t\t\t\t\t<div class=\"e-con-inner\">\n\t\t<div class=\"elementor-element elementor-element-82fcb32 e-con-full e-flex e-con e-child\" data-id=\"82fcb32\" data-element_type=\"container\" data-settings=\"{&quot;background_background&quot;:&quot;classic&quot;}\">\n\t\t\t\t<div class=\"elementor-element elementor-element-11a65f6 elementor-widget elementor-widget-image\" data-id=\"11a65f6\" data-element_type=\"widget\" data-widget_type=\"image.default\">\n\t\t\t\t<div class=\"elementor-widget-container\">\n\t\t\t\t\t\t\t\t\t\t\t\t\t\t\t<img decoding=\"async\" width=\"490\" height=\"246\" src=\"https:\/\/fmtchile.cl\/wp-content\/uploads\/2024\/11\/LOGO_FMT-1.png\" class=\"attachment-large size-large wp-image-11\" alt=\"\" \/>\t\t\t\t\t\t\t\t\t\t\t\t\t\t\t<\/div>\n\t\t\t\t<\/div>\n\t\t\t\t<\/div>\n\t\t<div class=\"elementor-element elementor-element-32583b7 e-con-full e-flex e-con e-child\" data-id=\"32583b7\" data-element_type=\"container\" data-settings=\"{&quot;background_background&quot;:&quot;classic&quot;}\">\n\t\t\t\t<div class=\"elementor-element elementor-element-8588140 elementor-widget__width-initial elementor-widget elementor-widget-heading\" data-id=\"8588140\" data-element_type=\"widget\" data-widget_type=\"heading.default\">\n\t\t\t\t<div class=\"elementor-widget-container\">\n\t\t\t\t\t<span class=\"elementor-heading-title elementor-size-default\">En FMT nos dedicamos a ofrecer soluciones de ingenier\u00eda de alta calidad para el desarrollo de proyectos mineros. \n<br><br>\nCon una amplia experiencia y un equipo comprometido, <i><b>buscamos siempre exceder las expectativas de nuestros clientes.<\/b><\/i><\/span>\t\t\t\t<\/div>\n\t\t\t\t<\/div>\n\t\t\t\t<\/div>\n\t\t\t\t\t<\/div>\n\t\t\t\t<\/div>\n\t\t\t\t<\/div>\n\t\t\t\t\t<\/div>\n\t\t\t\t<\/div>\n\t\t<div class=\"elementor-element elementor-element-709f4b24 e-flex e-con-boxed e-con e-parent\" data-id=\"709f4b24\" data-element_type=\"container\" data-settings=\"{&quot;background_background&quot;:&quot;classic&quot;}\">\n\t\t\t\t\t<div class=\"e-con-inner\">\n\t\t<div class=\"elementor-element elementor-element-6ab93c99 e-con-full e-flex e-con e-child\" data-id=\"6ab93c99\" data-element_type=\"container\">\n\t\t<div class=\"elementor-element elementor-element-7aaeb294 e-flex e-con-boxed e-con e-child\" data-id=\"7aaeb294\" data-element_type=\"container\">\n\t\t\t\t\t<div class=\"e-con-inner\">\n\t\t<div class=\"elementor-element elementor-element-3d7c1548 e-con-full e-flex e-con e-child\" data-id=\"3d7c1548\" data-element_type=\"container\">\n\t\t\t\t<div class=\"elementor-element elementor-element-17027ae6 elementor-widget elementor-widget-heading\" data-id=\"17027ae6\" data-element_type=\"widget\" data-widget_type=\"heading.default\">\n\t\t\t\t<div class=\"elementor-widget-container\">\n\t\t\t\t\t<span class=\"elementor-heading-title elementor-size-default\"><p style=\"font-family:chivo;line-height:120%\"><i>Nuestra estructura de negocio tiene por objetivo lograr que cada proyecto operacionalmente sea autosuficiente, a trav\u00e9s de una organizaci\u00f3n centralizada que gestiona, supervisa y eval\u00faa sus rendimientos.\n\n\n<\/i><\/p><\/span>\t\t\t\t<\/div>\n\t\t\t\t<\/div>\n\t\t\t\t<\/div>\n\t\t\t\t\t<\/div>\n\t\t\t\t<\/div>\n\t\t\t\t<\/div>\n\t\t\t\t\t<\/div>\n\t\t\t\t<\/div>\n\t\t<div class=\"elementor-element elementor-element-024ba54 e-flex e-con-boxed e-con e-parent\" data-id=\"024ba54\" data-element_type=\"container\">\n\t\t\t\t\t<div class=\"e-con-inner\">\n\t\t<div class=\"elementor-element elementor-element-28cd758 e-con-full e-flex e-con e-child\" data-id=\"28cd758\" data-element_type=\"container\">\n\t\t\t\t<div class=\"elementor-element elementor-element-94f1dac elementor-widget elementor-widget-heading\" data-id=\"94f1dac\" data-element_type=\"widget\" data-widget_type=\"heading.default\">\n\t\t\t\t<div class=\"elementor-widget-container\">\n\t\t\t\t\t<h2 class=\"elementor-heading-title elementor-size-default\">Lo que nos destaca<\/h2>\t\t\t\t<\/div>\n\t\t\t\t<\/div>\n\t\t\t\t<div class=\"elementor-element elementor-element-149e5e6 elementor-widget__width-initial elementor-widget elementor-widget-heading\" data-id=\"149e5e6\" data-element_type=\"widget\" data-widget_type=\"heading.default\">\n\t\t\t\t<div class=\"elementor-widget-container\">\n\t\t\t\t\t<span class=\"elementor-heading-title elementor-size-default\">Incorporamos herramientas de gesti\u00f3n con el fin de alcanzar niveles de excelencia operacional.\n<br><br>\nTrabajamos con altos est\u00e1ndares de seguridad en nuestras operaciones. <\/span>\t\t\t\t<\/div>\n\t\t\t\t<\/div>\n\t\t\t\t<div class=\"elementor-element elementor-element-b78cd18 elementor-hidden-mobile elementor-widget elementor-widget-image\" data-id=\"b78cd18\" data-element_type=\"widget\" data-widget_type=\"image.default\">\n\t\t\t\t<div class=\"elementor-widget-container\">\n\t\t\t\t\t\t\t\t\t\t\t\t\t\t\t<img decoding=\"async\" width=\"632\" height=\"126\" src=\"https:\/\/fmtchile.cl\/wp-content\/uploads\/2024\/11\/Rectangle-911-2.png\" class=\"attachment-large size-large wp-image-185\" alt=\"\" \/>\t\t\t\t\t\t\t\t\t\t\t\t\t\t\t<\/div>\n\t\t\t\t<\/div>\n\t\t\t\t<div class=\"elementor-element elementor-element-d3a771d elementor-widget__width-initial elementor-widget elementor-widget-heading\" data-id=\"d3a771d\" data-element_type=\"widget\" data-widget_type=\"heading.default\">\n\t\t\t\t<div class=\"elementor-widget-container\">\n\t\t\t\t\t<span class=\"elementor-heading-title elementor-size-default\">Somos una empresa multidisciplinaria \nque abarca proyectos de diversas \u00e1reas.<\/span>\t\t\t\t<\/div>\n\t\t\t\t<\/div>\n\t\t\t\t<\/div>\n\t\t<div class=\"elementor-element elementor-element-325fb63 e-con-full e-flex e-con e-child\" data-id=\"325fb63\" data-element_type=\"container\">\n\t\t\t\t<div class=\"elementor-element elementor-element-1bdb92a elementor-widget elementor-widget-image\" data-id=\"1bdb92a\" data-element_type=\"widget\" data-widget_type=\"image.default\">\n\t\t\t\t<div class=\"elementor-widget-container\">\n\t\t\t\t\t\t\t\t\t\t\t\t\t\t\t<img loading=\"lazy\" decoding=\"async\" width=\"658\" height=\"395\" src=\"https:\/\/fmtchile.cl\/wp-content\/uploads\/2024\/11\/Mask-group-1.png\" class=\"attachment-large size-large wp-image-183\" alt=\"\" \/>\t\t\t\t\t\t\t\t\t\t\t\t\t\t\t<\/div>\n\t\t\t\t<\/div>\n\t\t\t\t<\/div>\n\t\t\t\t\t<\/div>\n\t\t\t\t<\/div>\n\t\t\t\t<\/div>\n\t\t","protected":false},"excerpt":{"rendered":"<p>Acerca de FMT soluciones de ingenier\u00eda de alta calidad para el desarrollo de proyectos mineros. \u00bfQui\u00e9nes Somos?\u00a0 En FMT nos dedicamos a ofrecer soluciones de ingenier\u00eda de alta calidad para el desarrollo de proyectos mineros. Con una amplia experiencia y un equipo comprometido, buscamos siempre exceder las expectativas de nuestros clientes. Nuestra estructura de negocio [&hellip;]<\/p>\n","protected":false},"author":1,"featured_media":0,"parent":0,"menu_order":0,"comment_status":"closed","ping_status":"closed","template":"elementor_header_footer","meta":{"footnotes":""},"class_list":["post-138","page","type-page","status-publish","hentry"],"_links":{"self":[{"href":"https:\/\/fmtchile.cl\/index.php\/wp-json\/wp\/v2\/pages\/138","targetHints":{"allow":["GET"]}}],"collection":[{"href":"https:\/\/fmtchile.cl\/index.php\/wp-json\/wp\/v2\/pages"}],"about":[{"href":"https:\/\/fmtchile.cl\/index.php\/wp-json\/wp\/v2\/types\/page"}],"author":[{"embeddable":true,"href":"https:\/\/fmtchile.cl\/index.php\/wp-json\/wp\/v2\/users\/1"}],"replies":[{"embeddable":true,"href":"https:\/\/fmtchile.cl\/index.php\/wp-json\/wp\/v2\/comments?post=138"}],"version-history":[{"count":70,"href":"https:\/\/fmtchile.cl\/index.php\/wp-json\/wp\/v2\/pages\/138\/revisions"}],"predecessor-version":[{"id":331,"href":"https:\/\/fmtchile.cl\/index.php\/wp-json\/wp\/v2\/pages\/138\/revisions\/331"}],"wp:attachment":[{"href":"https:\/\/fmtchile.cl\/index.php\/wp-json\/wp\/v2\/media?parent=138"}],"curies":[{"name":"wp","href":"https:\/\/api.w.org\/{rel}","templated":true}]}}